{"id":1492,"date":"2019-08-28T10:58:02","date_gmt":"2019-08-28T10:58:02","guid":{"rendered":"http:\/\/littledino.wgl-demo.net\/?page_id=1492"},"modified":"2020-07-28T19:08:57","modified_gmt":"2020-07-28T17:08:57","slug":"faq","status":"publish","type":"page","link":"https:\/\/kidscuisinesante.com\/fr_ca\/faq\/","title":{"rendered":"FAQ"},"content":{"rendered":"<div data-elementor-type=\"wp-post\" data-elementor-id=\"1492\" class=\"elementor elementor-1492\" data-elementor-post-type=\"page\">\n\t\t\t\t\t\t<section class=\"elementor-section elementor-top-section elementor-element elementor-element-a1d9131 elementor-section-boxed elementor-section-height-default elementor-section-height-default\" data-id=\"a1d9131\" data-element_type=\"section\" data-e-type=\"section\">\n\t\t\t\t\t\t<div class=\"elementor-container elementor-column-gap-default\">\n\t\t\t\t\t<div class=\"elementor-column elementor-col-100 elementor-top-column elementor-element elementor-element-9a8c53e\" data-id=\"9a8c53e\" data-element_type=\"column\" data-e-type=\"column\">\n\t\t\t<div class=\"elementor-widget-wrap elementor-element-populated\">\n\t\t\t\t\t\t<div class=\"elementor-element elementor-element-e40689b elementor-widget elementor-widget-spacer\" data-id=\"e40689b\" data-element_type=\"widget\" data-e-type=\"widget\" data-widget_type=\"spacer.default\">\n\t\t\t\t<div class=\"elementor-widget-container\">\n\t\t\t\t\t\t\t<div class=\"elementor-spacer\">\n\t\t\t<div class=\"elementor-spacer-inner\"><\/div>\n\t\t<\/div>\n\t\t\t\t\t\t<\/div>\n\t\t\t\t<\/div>\n\t\t\t\t\t<\/div>\n\t\t<\/div>\n\t\t\t\t\t<\/div>\n\t\t<\/section>\n\t\t\t\t<section class=\"elementor-section elementor-top-section elementor-element elementor-element-31d1092 elementor-section-boxed elementor-section-height-default elementor-section-height-default\" data-id=\"31d1092\" data-element_type=\"section\" data-e-type=\"section\">\n\t\t\t\t\t\t<div class=\"elementor-container elementor-column-gap-default\">\n\t\t\t\t\t<div class=\"elementor-column elementor-col-50 elementor-top-column elementor-element elementor-element-ba60c38\" data-id=\"ba60c38\" data-element_type=\"column\" data-e-type=\"column\">\n\t\t\t<div class=\"elementor-widget-wrap elementor-element-populated\">\n\t\t\t\t\t\t<div class=\"elementor-element elementor-element-c332587 dbl-1st-block dbl-2nd-block elementor-widget elementor-widget-wgl-double-headings\" data-id=\"c332587\" data-element_type=\"widget\" data-e-type=\"widget\" data-widget_type=\"wgl-double-headings.default\">\n\t\t\t\t<div class=\"elementor-widget-container\">\n\t\t\t\t\t<div class=\"wgl-double_heading\"><h3 class=\"dbl-titles_wrapper\"><span class=\"dbl-title__wrap title-1__wrap\"><span class=\"dbl-title__1\">Parents<\/span><\/span><span class=\"dbl-title__wrap title-2__wrap\"><span class=\"dbl-title__2\">demande souvent<\/span><\/span><\/h3>        <\/div>\t\t\t\t<\/div>\n\t\t\t\t<\/div>\n\t\t\t\t<div class=\"elementor-element elementor-element-53d7143 elementor-widget elementor-widget-text-editor\" data-id=\"53d7143\" data-element_type=\"widget\" data-e-type=\"widget\" data-widget_type=\"text-editor.default\">\n\t\t\t\t<div class=\"elementor-widget-container\">\n\t\t\t\t\t\t\t\t\t<p style=\"font-size: 18px; line-height: 30px; margin-bottom: 17px;\"><span>Vous trouverez ici les r\u00e9ponses aux questions qui nous sont le plus pos\u00e9es au sujet de nos programmes de d\u00eeners et de collations. Si vous ne trouvez toujours pas de r\u00e9ponse \u00e0 votre question, veuillez nous contacter.<\/span><\/p>\t\t\t\t\t\t\t\t<\/div>\n\t\t\t\t<\/div>\n\t\t\t\t<div class=\"elementor-element elementor-element-0b6a500 elementor-widget elementor-widget-wgl-button\" data-id=\"0b6a500\" data-element_type=\"widget\" data-e-type=\"widget\" data-widget_type=\"wgl-button.default\">\n\t\t\t\t<div class=\"elementor-widget-container\">\n\t\t\t\t\t<div class=\"wgl-button-wrapper\"><a class=\"wgl-button elementor-button button-link size-xl\" role=\"button\" href=\"https:\/\/kidscuisinesante.com\/contacts\/\"><div class=\"button-content-wrapper\"><span class=\"elementor-button-text\">Nous contacter<\/span><svg class=\"wgl-dashes inner-dashed-border animated-dashes\"><rect x=\"5px\" y=\"5px\" rx=\"23px\" ry=\"23px\" width=\"0\" height=\"0\"><\/rect><\/svg>            <\/div>\n            <\/a>\n        <\/div>\n        \t\t\t\t<\/div>\n\t\t\t\t<\/div>\n\t\t\t\t\t<\/div>\n\t\t<\/div>\n\t\t\t\t<div class=\"elementor-column elementor-col-50 elementor-top-column elementor-element elementor-element-1862167\" data-id=\"1862167\" data-element_type=\"column\" data-e-type=\"column\">\n\t\t\t<div class=\"elementor-widget-wrap elementor-element-populated\">\n\t\t\t\t\t\t<div class=\"elementor-element elementor-element-390f50c elementor-widget elementor-widget-spacer\" data-id=\"390f50c\" data-element_type=\"widget\" data-e-type=\"widget\" data-widget_type=\"spacer.default\">\n\t\t\t\t<div class=\"elementor-widget-container\">\n\t\t\t\t\t\t\t<div class=\"elementor-spacer\">\n\t\t\t<div class=\"elementor-spacer-inner\"><\/div>\n\t\t<\/div>\n\t\t\t\t\t\t<\/div>\n\t\t\t\t<\/div>\n\t\t\t\t<div class=\"elementor-element elementor-element-66a69c0 elementor-widget elementor-widget-wgl-toggle-accordion\" data-id=\"66a69c0\" data-element_type=\"widget\" data-e-type=\"widget\" data-widget_type=\"wgl-toggle-accordion.default\">\n\t\t\t\t<div class=\"elementor-widget-container\">\n\t\t\t\t\t        <div class=\"wgl-accordion icon-def\" id=\"wgl-accordion-66a69c0\" data-type=\"accordion\">\n\n                            <div class=\"wgl-accordion_panel\">\n                    <h4 id=\"wgl-accordion_header-1071\" class=\"wgl-accordion_header\" data-default=\"yes\">\n                        <span class=\"wgl-accordion_title\">Votre nourriture est-elle faite maison ?<\/span>\n                                                    <i class=\"wgl-accordion_icon\"><\/i>                                            <\/h4>\n                    <div class=\"wgl-accordion_content\">\n                        <p><strong>Nous pouvons fi\u00e8rement r\u00e9pondre &quot;OUI!&quot; \u00e0 cette question.<\/strong><br \/><span>Oubliez les bo\u00eetes \u00e0 lunch remplies de sandwichs froids ennuyeux\u00a0! Laissez-nous le soin de pr\u00e9parer des d\u00e9jeuners chauds et des collations maison pour alimenter l&#039;esprit et le corps actifs de vos enfants\u00a0! Nos repas sont pr\u00e9par\u00e9s quotidiennement avec amour par notre \u00e9quipe passionn\u00e9e dans une installation enti\u00e8rement inspect\u00e9e et certifi\u00e9e, puis livr\u00e9s aux \u00e9coles.<\/span><\/p>                    <\/div>\n                <\/div>\n                            <div class=\"wgl-accordion_panel\">\n                    <h4 id=\"wgl-accordion_header-1072\" class=\"wgl-accordion_header\" data-default=\"no\">\n                        <span class=\"wgl-accordion_title\">Respectez-vous certaines exigences nutritionnelles\u00a0?<\/span>\n                                                    <i class=\"wgl-accordion_icon\"><\/i>                                            <\/h4>\n                    <div class=\"wgl-accordion_content\">\n                        <p><b>TOUT \u00c0 FAIT! Nos programmes de d\u00eeners et de collations sont conformes aux normes nutritionnelles des aliments et boissons vendus dans les \u00e9coles.<\/b><br \/><span>En tant qu&#039;entreprise de restauration pour enfants, nous veillons \u00e0 ce que tous nos menus de d\u00e9jeuner et de collation soient approuv\u00e9s par une di\u00e9t\u00e9tiste professionnelle et respectent les directives alimentaires de l&#039;\u00e9cole, y compris la politique sur les aliments et les boissons dans les \u00e9coles du gouvernement de l&#039;Ontario, la Loi sur les garderies et la Loi sur les aliments du Canada. Guider.<\/span><\/p>                    <\/div>\n                <\/div>\n                            <div class=\"wgl-accordion_panel\">\n                    <h4 id=\"wgl-accordion_header-1073\" class=\"wgl-accordion_header\" data-default=\"no\">\n                        <span class=\"wgl-accordion_title\">Vous procurez-vous vos ingr\u00e9dients localement ?<\/span>\n                                                    <i class=\"wgl-accordion_icon\"><\/i>                                            <\/h4>\n                    <div class=\"wgl-accordion_content\">\n                        <p><strong>OUI, nous allons local dans la mesure du possible.<\/strong><br \/><span>Nos menus de saison sont \u00e9labor\u00e9s \u00e0 partir d&#039;ingr\u00e9dients frais, locaux et issus de sources durables. Avec environ 90% de nos ingr\u00e9dients provenant d&#039;agriculteurs et de producteurs alimentaires locaux, nous sommes fiers de proposer aux enfants des menus savoureux qui refl\u00e8tent les changements de saisons, ont meilleur go\u00fbt et offrent plus de nutriments.<\/span><br \/><span>L&#039;approvisionnement en ingr\u00e9dients cultiv\u00e9s localement est \u00e9galement notre fa\u00e7on de faire notre part pour soutenir l&#039;\u00e9conomie locale et de nous assurer que nous laissons une empreinte environnementale beaucoup plus petite en r\u00e9duisant les \u00e9missions de CO2 gr\u00e2ce \u00e0 des distances de d\u00e9placement plus courtes.<\/span><\/p>                    <\/div>\n                <\/div>\n                            <div class=\"wgl-accordion_panel\">\n                    <h4 id=\"wgl-accordion_header-1074\" class=\"wgl-accordion_header\" data-default=\"no\">\n                        <span class=\"wgl-accordion_title\">Comment puis-je inscrire mon enfant \u00e0 votre programme de repas scolaires?<\/span>\n                                                    <i class=\"wgl-accordion_icon\"><\/i>                                            <\/h4>\n                    <div class=\"wgl-accordion_content\">\n                        <p><b>C&#039;est aussi simple que 1,2,3\u00a0!<\/b><\/p><ol><li><b>Souple<\/b><br \/>Nos menus de repas scolaires et de collations s&#039;adaptent aux go\u00fbts de vos enfants. Vous pouvez personnaliser le nombre de d\u00e9jeuners et choisir les \u00e9l\u00e9ments de menu que vous souhaitez.<\/li><li><b>\u00c9conomique et adapt\u00e9 aux enfants<\/b><br \/>Vous recherchez des repas scolaires sains et d\u00e9licieux pour vos enfants qui ne vous feront pas perdre la t\u00eate\u00a0? Nous proposons une gamme de repas et de collations nutritifs \u00e0 des prix abordables sur lesquels les parents et les enfants peuvent s&#039;entendre.<\/li><li><b>Commander en ligne<\/b><br \/>Tout d&#039;abord, rendez-vous sur notre<span>\u00a0<\/span><a href=\"https:\/\/kidscuisinesante.com\/order\"><u>page d&#039;inscription<\/u><\/a><span>\u00a0<\/span>et cr\u00e9ez votre compte. Ensuite, vous pouvez facilement commander et payer en ligne.<\/li><\/ol>                    <\/div>\n                <\/div>\n            \n        <\/div>\n        \t\t\t\t<\/div>\n\t\t\t\t<\/div>\n\t\t\t\t\t<\/div>\n\t\t<\/div>\n\t\t\t\t\t<\/div>\n\t\t<\/section>\n\t\t\t\t<section class=\"elementor-section elementor-top-section elementor-element elementor-element-10ccb27 elementor-section-boxed elementor-section-height-default elementor-section-height-default\" data-id=\"10ccb27\" data-element_type=\"section\" data-e-type=\"section\">\n\t\t\t\t\t\t<div class=\"elementor-container elementor-column-gap-default\">\n\t\t\t\t\t<div class=\"elementor-column elementor-col-100 elementor-top-column elementor-element elementor-element-86ab92a\" data-id=\"86ab92a\" data-element_type=\"column\" data-e-type=\"column\">\n\t\t\t<div class=\"elementor-widget-wrap elementor-element-populated\">\n\t\t\t\t\t\t<div class=\"elementor-element elementor-element-d9f6c29 elementor-widget elementor-widget-spacer\" data-id=\"d9f6c29\" data-element_type=\"widget\" data-e-type=\"widget\" data-widget_type=\"spacer.default\">\n\t\t\t\t<div class=\"elementor-widget-container\">\n\t\t\t\t\t\t\t<div class=\"elementor-spacer\">\n\t\t\t<div class=\"elementor-spacer-inner\"><\/div>\n\t\t<\/div>\n\t\t\t\t\t\t<\/div>\n\t\t\t\t<\/div>\n\t\t\t\t\t<\/div>\n\t\t<\/div>\n\t\t\t\t\t<\/div>\n\t\t<\/section>\n\t\t\t\t<section class=\"elementor-section elementor-top-section elementor-element elementor-element-a975bcd elementor-section-boxed elementor-section-height-default elementor-section-height-default\" data-id=\"a975bcd\" data-element_type=\"section\" data-e-type=\"section\" data-settings=\"{&quot;background_background&quot;:&quot;classic&quot;}\">\n\t\t\t\t\t\t<div class=\"elementor-container elementor-column-gap-default\">\n\t\t\t\t\t<div class=\"elementor-column elementor-col-100 elementor-top-column elementor-element elementor-element-1bf6240\" data-id=\"1bf6240\" data-element_type=\"column\" data-e-type=\"column\">\n\t\t\t<div class=\"elementor-widget-wrap elementor-element-populated\">\n\t\t\t\t\t\t<div class=\"elementor-element elementor-element-0bd9037 elementor-widget elementor-widget-spacer\" data-id=\"0bd9037\" data-element_type=\"widget\" data-e-type=\"widget\" data-widget_type=\"spacer.default\">\n\t\t\t\t<div class=\"elementor-widget-container\">\n\t\t\t\t\t\t\t<div class=\"elementor-spacer\">\n\t\t\t<div class=\"elementor-spacer-inner\"><\/div>\n\t\t<\/div>\n\t\t\t\t\t\t<\/div>\n\t\t\t\t<\/div>\n\t\t\t\t\t<\/div>\n\t\t<\/div>\n\t\t\t\t\t<\/div>\n\t\t<\/section>\n\t\t\t\t<section class=\"elementor-section elementor-top-section elementor-element elementor-element-53bd4cd elementor-section-boxed elementor-section-height-default elementor-section-height-default\" data-id=\"53bd4cd\" data-element_type=\"section\" data-e-type=\"section\" data-settings=\"{&quot;background_background&quot;:&quot;classic&quot;}\">\n\t\t\t\t\t\t<div class=\"elementor-container elementor-column-gap-default\">\n\t\t\t\t\t<div class=\"elementor-column elementor-col-100 elementor-top-column elementor-element elementor-element-c7f3aef\" data-id=\"c7f3aef\" data-element_type=\"column\" data-e-type=\"column\">\n\t\t\t<div class=\"elementor-widget-wrap elementor-element-populated\">\n\t\t\t\t\t\t<div class=\"elementor-element elementor-element-4322fba elementor-widget elementor-widget-spacer\" data-id=\"4322fba\" data-element_type=\"widget\" data-e-type=\"widget\" data-widget_type=\"spacer.default\">\n\t\t\t\t<div class=\"elementor-widget-container\">\n\t\t\t\t\t\t\t<div class=\"elementor-spacer\">\n\t\t\t<div class=\"elementor-spacer-inner\"><\/div>\n\t\t<\/div>\n\t\t\t\t\t\t<\/div>\n\t\t\t\t<\/div>\n\t\t\t\t<div class=\"elementor-element elementor-element-2421e54 elementor-widget elementor-widget-heading\" data-id=\"2421e54\" data-element_type=\"widget\" data-e-type=\"widget\" data-widget_type=\"heading.default\">\n\t\t\t\t<div class=\"elementor-widget-container\">\n\t\t\t\t\t<h2 class=\"elementor-heading-title elementor-size-default\">Rejoignez notre newsletter<\/h2>\t\t\t\t<\/div>\n\t\t\t\t<\/div>\n\t\t\t\t<div class=\"elementor-element elementor-element-8e906f8 elementor-widget elementor-widget-spacer\" data-id=\"8e906f8\" data-element_type=\"widget\" data-e-type=\"widget\" data-widget_type=\"spacer.default\">\n\t\t\t\t<div class=\"elementor-widget-container\">\n\t\t\t\t\t\t\t<div class=\"elementor-spacer\">\n\t\t\t<div class=\"elementor-spacer-inner\"><\/div>\n\t\t<\/div>\n\t\t\t\t\t\t<\/div>\n\t\t\t\t<\/div>\n\t\t\t\t<div class=\"elementor-element elementor-element-08c9c4d cf7-inline button-alt elementor-widget elementor-widget-text-editor\" data-id=\"08c9c4d\" data-element_type=\"widget\" data-e-type=\"widget\" data-widget_type=\"text-editor.default\">\n\t\t\t\t<div class=\"elementor-widget-container\">\n\t\t\t\t\t\t\t\t\t<p style=\"text-align: center;\">\n<div class=\"wpcf7 no-js\" id=\"wpcf7-f1518-o1\" lang=\"en-US\" dir=\"ltr\" data-wpcf7-id=\"1518\">\n<div class=\"screen-reader-response\"><p role=\"status\" aria-live=\"polite\" aria-atomic=\"true\"><\/p> <ul><\/ul><\/div>\n<form action=\"\/fr_ca\/wp-json\/wp\/v2\/pages\/1492#wpcf7-f1518-o1\" method=\"post\" class=\"wpcf7-form init\" aria-label=\"Contact form\" novalidate=\"novalidate\" data-status=\"init\" data-trp-original-action=\"\/fr_ca\/wp-json\/wp\/v2\/pages\/1492#wpcf7-f1518-o1\">\n<fieldset class=\"hidden-fields-container\"><input type=\"hidden\" name=\"_wpcf7\" value=\"1518\" \/><input type=\"hidden\" name=\"_wpcf7_version\" value=\"6.1.5\" \/><input type=\"hidden\" name=\"_wpcf7_locale\" value=\"en_US\" \/><input type=\"hidden\" name=\"_wpcf7_unit_tag\" value=\"wpcf7-f1518-o1\" \/><input type=\"hidden\" name=\"_wpcf7_container_post\" value=\"0\" \/><input type=\"hidden\" name=\"_wpcf7_posted_data_hash\" value=\"\" \/>\n<\/fieldset>\n<span class=\"wpcf7-form-control-wrap\" data-name=\"email-765\"><input size=\"40\" maxlength=\"400\" class=\"wpcf7-form-control wpcf7-email wpcf7-text wpcf7-validates-as-email\" aria-invalid=\"false\" placeholder=\"Votre e-mail *\" value=\"\" type=\"email\" name=\"email-765\" \/><\/span><input class=\"wpcf7-form-control wpcf7-submit has-spinner\" type=\"submit\" value=\"Abonnez-vous maintenant\" \/><div class=\"wpcf7-response-output\" aria-hidden=\"true\"><\/div>\n<input type=\"hidden\" name=\"trp-form-language\" value=\"fr_ca\"\/><\/form>\n<\/div>\n<\/p>\t\t\t\t\t\t\t\t<\/div>\n\t\t\t\t<\/div>\n\t\t\t\t\t<\/div>\n\t\t<\/div>\n\t\t\t\t\t<\/div>\n\t\t<\/section>\n\t\t\t\t<section class=\"elementor-section elementor-top-section elementor-element elementor-element-7a9459e elementor-section-boxed elementor-section-height-default elementor-section-height-default\" data-id=\"7a9459e\" data-element_type=\"section\" data-e-type=\"section\" data-settings=\"{&quot;background_background&quot;:&quot;classic&quot;}\">\n\t\t\t\t\t\t<div class=\"elementor-container elementor-column-gap-default\">\n\t\t\t\t\t<div class=\"elementor-column elementor-col-100 elementor-top-column elementor-element elementor-element-4fcfd21\" data-id=\"4fcfd21\" data-element_type=\"column\" data-e-type=\"column\">\n\t\t\t<div class=\"elementor-widget-wrap\">\n\t\t\t\t\t\t\t<\/div>\n\t\t<\/div>\n\t\t\t\t\t<\/div>\n\t\t<\/section>\n\t\t\t\t<\/div>","protected":false},"excerpt":{"rendered":"<p>Parentsoften ask You\u2019ll find here the answers to questions we get asked the most about our lunch and snack programs. If you still can\u2019t find an answer to your question, please contact us. Contact Us Is your food homemade? We can proudly answer \u201cYES!\u201d to this question.Forget lunch boxes filled with boring cold sandwiches! Leave [&hellip;]<\/p>\n","protected":false},"author":1,"featured_media":0,"parent":0,"menu_order":0,"comment_status":"closed","ping_status":"closed","template":"","meta":{"footnotes":""},"class_list":["post-1492","page","type-page","status-publish","hentry"],"_links":{"self":[{"href":"https:\/\/kidscuisinesante.com\/fr_ca\/wp-json\/wp\/v2\/pages\/1492","targetHints":{"allow":["GET"]}}],"collection":[{"href":"https:\/\/kidscuisinesante.com\/fr_ca\/wp-json\/wp\/v2\/pages"}],"about":[{"href":"https:\/\/kidscuisinesante.com\/fr_ca\/wp-json\/wp\/v2\/types\/page"}],"author":[{"embeddable":true,"href":"https:\/\/kidscuisinesante.com\/fr_ca\/wp-json\/wp\/v2\/users\/1"}],"replies":[{"embeddable":true,"href":"https:\/\/kidscuisinesante.com\/fr_ca\/wp-json\/wp\/v2\/comments?post=1492"}],"version-history":[{"count":1,"href":"https:\/\/kidscuisinesante.com\/fr_ca\/wp-json\/wp\/v2\/pages\/1492\/revisions"}],"predecessor-version":[{"id":12254,"href":"https:\/\/kidscuisinesante.com\/fr_ca\/wp-json\/wp\/v2\/pages\/1492\/revisions\/12254"}],"wp:attachment":[{"href":"https:\/\/kidscuisinesante.com\/fr_ca\/wp-json\/wp\/v2\/media?parent=1492"}],"curies":[{"name":"wp","href":"https:\/\/api.w.org\/{rel}","templated":true}]}}