{"id":537,"date":"2019-08-21T09:11:22","date_gmt":"2019-08-21T09:11:22","guid":{"rendered":"http:\/\/littledino.wgl-demo.net\/?page_id=537"},"modified":"2020-08-11T01:00:11","modified_gmt":"2020-08-10T23:00:11","slug":"about-us","status":"publish","type":"page","link":"https:\/\/kidscuisinesante.com\/fr_ca\/about-us\/","title":{"rendered":"\u00c0 propos"},"content":{"rendered":"<div data-elementor-type=\"wp-post\" data-elementor-id=\"537\" class=\"elementor elementor-537\" data-elementor-post-type=\"page\">\n\t\t\t\t\t\t<section class=\"elementor-section elementor-top-section elementor-element elementor-element-0135b96 elementor-section-boxed elementor-section-height-default elementor-section-height-default\" data-id=\"0135b96\" data-element_type=\"section\" data-e-type=\"section\">\n\t\t\t\t\t\t<div class=\"elementor-container elementor-column-gap-extended\">\n\t\t\t\t\t<div class=\"elementor-column elementor-col-100 elementor-top-column elementor-element elementor-element-52493b5\" data-id=\"52493b5\" data-element_type=\"column\" data-e-type=\"column\">\n\t\t\t<div class=\"elementor-widget-wrap elementor-element-populated\">\n\t\t\t\t\t\t<div class=\"elementor-element elementor-element-2d9e16c elementor-widget elementor-widget-spacer\" data-id=\"2d9e16c\" data-element_type=\"widget\" data-e-type=\"widget\" data-widget_type=\"spacer.default\">\n\t\t\t\t<div class=\"elementor-widget-container\">\n\t\t\t\t\t\t\t<div class=\"elementor-spacer\">\n\t\t\t<div class=\"elementor-spacer-inner\"><\/div>\n\t\t<\/div>\n\t\t\t\t\t\t<\/div>\n\t\t\t\t<\/div>\n\t\t\t\t<div class=\"elementor-element elementor-element-45f73ff dbl-1st-block dbl-2nd-block elementor-widget elementor-widget-wgl-double-headings\" data-id=\"45f73ff\" data-element_type=\"widget\" data-e-type=\"widget\" data-widget_type=\"wgl-double-headings.default\">\n\t\t\t\t<div class=\"elementor-widget-container\">\n\t\t\t\t\t<div class=\"wgl-double_heading\"><h3 class=\"dbl-titles_wrapper\"><span class=\"dbl-title__wrap title-1__wrap\"><span class=\"dbl-title__1\">Notre mission<\/span><\/span><span class=\"dbl-title__wrap title-2__wrap\"><span class=\"dbl-title__2\">et valeurs<\/span><\/span><\/h3>        <\/div>\t\t\t\t<\/div>\n\t\t\t\t<\/div>\n\t\t\t\t<div class=\"elementor-element elementor-element-aa9b4e4 elementor-widget elementor-widget-text-editor\" data-id=\"aa9b4e4\" data-element_type=\"widget\" data-e-type=\"widget\" data-widget_type=\"text-editor.default\">\n\t\t\t\t<div class=\"elementor-widget-container\">\n\t\t\t\t\t\t\t\t\t<p>Besoin d&#039;aide pour que vos enfants mangent sainement \u00e0 l&#039;\u00e9cole? Eh bien, vous avez de la chance car fournir des repas et des collations sains, savoureux et nutritifs que les enfants adorent tout en facilitant un peu la vie des parents, se trouve \u00eatre notre mission principale. Alors \u00e9liminons le stress li\u00e9 \u00e0 la planification et \u00e0 l&#039;emballage des repas scolaires tous les jours\u00a0!<\/p><p>Nos programmes de repas chauds et de collations sont con\u00e7us en tenant compte de la nutrition et de la sant\u00e9 de vos enfants. Notre propre chef Guy Dongu\u00e9 et son \u00e9quipe form\u00e9e de professionnels cr\u00e9ent des recettes approuv\u00e9es par des di\u00e9t\u00e9tistes que les enfants mangeront r\u00e9ellement et leur fourniront les nutriments importants dont ils ont besoin.<\/p><p>Nos menus respectent les normes nutritionnelles de l&#039;\u00e9cole et sont pr\u00e9par\u00e9s \u00e0 partir d&#039;ingr\u00e9dients frais et de saison de premi\u00e8re qualit\u00e9. Notre philosophie est simple et directe\u00a0: nous voulons que les enfants mangent plus de bonnes choses et moins de mauvaises choses afin que nous puissions favoriser de saines habitudes alimentaires tout au long de la vie. C&#039;est pourquoi nous nous engageons \u00e0 r\u00e9duire le sucre, le gras et le sodium tout en ajoutant plus de bl\u00e9 entier, de fruits et de l\u00e9gumes \u00e0 leurs menus. Dans la mesure du possible, nous utilisons des ingr\u00e9dients biologiques durables, cultiv\u00e9s localement pour soutenir les agriculteurs et les producteurs alimentaires locaux.<\/p><p>Nos programmes de repas scolaires sont inclusifs et offrent de nombreuses options de repas sains pour vos tout-petits. En tant qu&#039;entreprise de restauration op\u00e9rant dans l&#039;une des villes les plus multiculturelles au monde, nous offrons des repas culturellement diversifi\u00e9s pour les enfants vivant dans la r\u00e9gion du Grand Toronto qui embrassent la diversit\u00e9 culturelle du Canada. Nous aimons \u00e9galement c\u00e9l\u00e9brer les f\u00eates et les occasions sp\u00e9ciales, et nous nous adaptons aux allergies individuelles, aux restrictions alimentaires et aux pr\u00e9f\u00e9rences alimentaires.<\/p>\t\t\t\t\t\t\t\t<\/div>\n\t\t\t\t<\/div>\n\t\t\t\t\t<\/div>\n\t\t<\/div>\n\t\t\t\t\t<\/div>\n\t\t<\/section>\n\t\t\t\t<section class=\"elementor-section elementor-top-section elementor-element elementor-element-06fc6e6 elementor-hidden-desktop elementor-hidden-tablet elementor-hidden-phone elementor-section-boxed elementor-section-height-default elementor-section-height-default\" data-id=\"06fc6e6\" data-element_type=\"section\" data-e-type=\"section\" data-settings=\"{&quot;background_background&quot;:&quot;classic&quot;,&quot;shape_divider_top&quot;:&quot;mountains&quot;,&quot;shape_divider_bottom&quot;:&quot;mountains&quot;}\">\n\t\t\t\t\t<div class=\"elementor-shape elementor-shape-top\" aria-hidden=\"true\" data-negative=\"false\">\n\t\t\t<svg xmlns=\"http:\/\/www.w3.org\/2000\/svg\" viewbox=\"0 0 1000 100\" preserveaspectratio=\"none\">\n\t<path class=\"elementor-shape-fill\" opacity=\"0.33\" d=\"M473,67.3c-203.9,88.3-263.1-34-320.3,0C66,119.1,0,59.7,0,59.7V0h1000v59.7 c0,0-62.1,26.1-94.9,29.3c-32.8,3.3-62.8-12.3-75.8-22.1C806,49.6,745.3,8.7,694.9,4.7S492.4,59,473,67.3z\"\/>\n\t<path class=\"elementor-shape-fill\" opacity=\"0.66\" d=\"M734,67.3c-45.5,0-77.2-23.2-129.1-39.1c-28.6-8.7-150.3-10.1-254,39.1 s-91.7-34.4-149.2,0C115.7,118.3,0,39.8,0,39.8V0h1000v36.5c0,0-28.2-18.5-92.1-18.5C810.2,18.1,775.7,67.3,734,67.3z\"\/>\n\t<path class=\"elementor-shape-fill\" d=\"M766.1,28.9c-200-57.5-266,65.5-395.1,19.5C242,1.8,242,5.4,184.8,20.6C128,35.8,132.3,44.9,89.9,52.5C28.6,63.7,0,0,0,0 h1000c0,0-9.9,40.9-83.6,48.1S829.6,47,766.1,28.9z\"\/>\n<\/svg>\t\t<\/div>\n\t\t\t\t<div class=\"elementor-shape elementor-shape-bottom\" aria-hidden=\"true\" data-negative=\"false\">\n\t\t\t<svg xmlns=\"http:\/\/www.w3.org\/2000\/svg\" viewbox=\"0 0 1000 100\" preserveaspectratio=\"none\">\n\t<path class=\"elementor-shape-fill\" opacity=\"0.33\" d=\"M473,67.3c-203.9,88.3-263.1-34-320.3,0C66,119.1,0,59.7,0,59.7V0h1000v59.7 c0,0-62.1,26.1-94.9,29.3c-32.8,3.3-62.8-12.3-75.8-22.1C806,49.6,745.3,8.7,694.9,4.7S492.4,59,473,67.3z\"\/>\n\t<path class=\"elementor-shape-fill\" opacity=\"0.66\" d=\"M734,67.3c-45.5,0-77.2-23.2-129.1-39.1c-28.6-8.7-150.3-10.1-254,39.1 s-91.7-34.4-149.2,0C115.7,118.3,0,39.8,0,39.8V0h1000v36.5c0,0-28.2-18.5-92.1-18.5C810.2,18.1,775.7,67.3,734,67.3z\"\/>\n\t<path class=\"elementor-shape-fill\" d=\"M766.1,28.9c-200-57.5-266,65.5-395.1,19.5C242,1.8,242,5.4,184.8,20.6C128,35.8,132.3,44.9,89.9,52.5C28.6,63.7,0,0,0,0 h1000c0,0-9.9,40.9-83.6,48.1S829.6,47,766.1,28.9z\"\/>\n<\/svg>\t\t<\/div>\n\t\t\t\t\t<div class=\"elementor-container elementor-column-gap-default\">\n\t\t\t\t\t<div class=\"elementor-column elementor-col-100 elementor-top-column elementor-element elementor-element-b9a4081\" data-id=\"b9a4081\" data-element_type=\"column\" data-e-type=\"column\">\n\t\t\t<div class=\"elementor-widget-wrap elementor-element-populated\">\n\t\t\t\t\t\t<div class=\"elementor-element elementor-element-636807b elementor-widget elementor-widget-spacer\" data-id=\"636807b\" data-element_type=\"widget\" data-e-type=\"widget\" data-widget_type=\"spacer.default\">\n\t\t\t\t<div class=\"elementor-widget-container\">\n\t\t\t\t\t\t\t<div class=\"elementor-spacer\">\n\t\t\t<div class=\"elementor-spacer-inner\"><\/div>\n\t\t<\/div>\n\t\t\t\t\t\t<\/div>\n\t\t\t\t<\/div>\n\t\t\t\t\t<\/div>\n\t\t<\/div>\n\t\t\t\t\t<\/div>\n\t\t<\/section>\n\t\t\t\t<section class=\"elementor-section elementor-top-section elementor-element elementor-element-01e199b elementor-section-boxed elementor-section-height-default elementor-section-height-default\" data-id=\"01e199b\" data-element_type=\"section\" data-e-type=\"section\" data-settings=\"{&quot;background_background&quot;:&quot;classic&quot;}\">\n\t\t\t\t\t\t<div class=\"elementor-container elementor-column-gap-default\">\n\t\t\t\t\t<div class=\"elementor-column elementor-col-100 elementor-top-column elementor-element elementor-element-f342a48\" data-id=\"f342a48\" data-element_type=\"column\" data-e-type=\"column\">\n\t\t\t<div class=\"elementor-widget-wrap elementor-element-populated\">\n\t\t\t\t\t\t<div class=\"elementor-element elementor-element-10dd029 elementor-widget elementor-widget-spacer\" data-id=\"10dd029\" data-element_type=\"widget\" data-e-type=\"widget\" data-widget_type=\"spacer.default\">\n\t\t\t\t<div class=\"elementor-widget-container\">\n\t\t\t\t\t\t\t<div class=\"elementor-spacer\">\n\t\t\t<div class=\"elementor-spacer-inner\"><\/div>\n\t\t<\/div>\n\t\t\t\t\t\t<\/div>\n\t\t\t\t<\/div>\n\t\t\t\t<div class=\"elementor-element elementor-element-32ae5c8 dbl-1st-block dbl-2nd-block elementor-widget elementor-widget-wgl-double-headings\" data-id=\"32ae5c8\" data-element_type=\"widget\" data-e-type=\"widget\" data-widget_type=\"wgl-double-headings.default\">\n\t\t\t\t<div class=\"elementor-widget-container\">\n\t\t\t\t\t<div class=\"wgl-double_heading\"><h3 class=\"dbl-titles_wrapper\"><span class=\"dbl-title__wrap title-1__wrap\"><span class=\"dbl-title__1\">Pourquoi devriez-vous choisir<\/span><\/span><span class=\"dbl-title__wrap title-2__wrap\"><span class=\"dbl-title__2\">Enfants Cuisine Sant\u00e9?<\/span><\/span><\/h3>        <\/div>\t\t\t\t<\/div>\n\t\t\t\t<\/div>\n\t\t\t\t<div class=\"elementor-element elementor-element-7f36190 elementor-widget elementor-widget-spacer\" data-id=\"7f36190\" data-element_type=\"widget\" data-e-type=\"widget\" data-widget_type=\"spacer.default\">\n\t\t\t\t<div class=\"elementor-widget-container\">\n\t\t\t\t\t\t\t<div class=\"elementor-spacer\">\n\t\t\t<div class=\"elementor-spacer-inner\"><\/div>\n\t\t<\/div>\n\t\t\t\t\t\t<\/div>\n\t\t\t\t<\/div>\n\t\t\t\t<section class=\"elementor-section elementor-inner-section elementor-element elementor-element-40c7c7e elementor-section-boxed elementor-section-height-default elementor-section-height-default\" data-id=\"40c7c7e\" data-element_type=\"section\" data-e-type=\"section\">\n\t\t\t\t\t\t<div class=\"elementor-container elementor-column-gap-no\">\n\t\t\t\t\t<div class=\"elementor-column elementor-col-33 elementor-inner-column elementor-element elementor-element-fa8de81\" data-id=\"fa8de81\" data-element_type=\"column\" data-e-type=\"column\">\n\t\t\t<div class=\"elementor-widget-wrap elementor-element-populated\">\n\t\t\t\t\t\t<div class=\"elementor-element elementor-element-a6a6c7d elementor-position-right ib-align-right elementor-widget-image-box wgl-image-box elementor-widget elementor-widget-wgl-info-box\" data-id=\"a6a6c7d\" data-element_type=\"widget\" data-e-type=\"widget\" data-widget_type=\"wgl-info-box.default\">\n\t\t\t\t<div class=\"elementor-widget-container\">\n\t\t\t\t\t<div class=\"wgl-infobox\"><div class=\"wgl-infobox_wrapper elementor-image-box-wrapper\"><div class=\"wgl-infobox-icon_wrapper elementor-image-box-img\"><div class=\"wgl-infobox-icon_container\"><div class=\"wgl-image-box_img\"><span ><img decoding=\"async\" src=\"https:\/\/kidscuisinesante.com\/wp-content\/uploads\/elementor\/thumbs\/info-box_03-3-oudkedm5scuw1myd8tsipslkxtmdia1bsk13imd3a0.png\" title=\"info-box_03-3\" alt=\"info-box_03-3\" loading=\"lazy\" \/><\/span><\/div><\/div><\/div><div class=\"wgl-infobox-content_wrapper\"><div class=\"wgl-infobox-title_wrapper\"><\/div><div class=\"wgl-infobox_content\"><p><strong>Nous nous concentrons sur des ingr\u00e9dients de saison de qualit\u00e9 sup\u00e9rieure et <span>s&#039;efforcer de r\u00e9duire le sodium, le sucre et les mati\u00e8res grasses<\/span>.<\/strong><\/p><\/div><\/div><\/div><\/div>\t\t\t\t<\/div>\n\t\t\t\t<\/div>\n\t\t\t\t<div class=\"elementor-element elementor-element-37a481f elementor-widget elementor-widget-spacer\" data-id=\"37a481f\" data-element_type=\"widget\" data-e-type=\"widget\" data-widget_type=\"spacer.default\">\n\t\t\t\t<div class=\"elementor-widget-container\">\n\t\t\t\t\t\t\t<div class=\"elementor-spacer\">\n\t\t\t<div class=\"elementor-spacer-inner\"><\/div>\n\t\t<\/div>\n\t\t\t\t\t\t<\/div>\n\t\t\t\t<\/div>\n\t\t\t\t<div class=\"elementor-element elementor-element-04dfe5f elementor-position-right ib-align-right elementor-widget-image-box wgl-image-box elementor-widget elementor-widget-wgl-info-box\" data-id=\"04dfe5f\" data-element_type=\"widget\" data-e-type=\"widget\" data-widget_type=\"wgl-info-box.default\">\n\t\t\t\t<div class=\"elementor-widget-container\">\n\t\t\t\t\t<div class=\"wgl-infobox\"><div class=\"wgl-infobox_wrapper elementor-image-box-wrapper\"><div class=\"wgl-infobox-icon_wrapper elementor-image-box-img\"><div class=\"wgl-infobox-icon_container\"><div class=\"wgl-image-box_img\"><span ><img decoding=\"async\" src=\"https:\/\/kidscuisinesante.com\/wp-content\/uploads\/elementor\/thumbs\/info-box_03-3-oudkedm5scuw1myd8tsipslkxtmdia1bsk13imd3a0.png\" title=\"info-box_03-3\" alt=\"info-box_03-3\" loading=\"lazy\" \/><\/span><\/div><\/div><\/div><div class=\"wgl-infobox-content_wrapper\"><div class=\"wgl-infobox-title_wrapper\"><\/div><div class=\"wgl-infobox_content\"><p><strong>Nos repas sains offrent le juste \u00e9quilibre entre nutrition et go\u00fbt.<\/strong><\/p><\/div><\/div><\/div><\/div>\t\t\t\t<\/div>\n\t\t\t\t<\/div>\n\t\t\t\t<div class=\"elementor-element elementor-element-2a8a98a elementor-widget elementor-widget-spacer\" data-id=\"2a8a98a\" data-element_type=\"widget\" data-e-type=\"widget\" data-widget_type=\"spacer.default\">\n\t\t\t\t<div class=\"elementor-widget-container\">\n\t\t\t\t\t\t\t<div class=\"elementor-spacer\">\n\t\t\t<div class=\"elementor-spacer-inner\"><\/div>\n\t\t<\/div>\n\t\t\t\t\t\t<\/div>\n\t\t\t\t<\/div>\n\t\t\t\t<div class=\"elementor-element elementor-element-a12e8bd elementor-position-right ib-align-right elementor-widget-image-box wgl-image-box elementor-widget elementor-widget-wgl-info-box\" data-id=\"a12e8bd\" data-element_type=\"widget\" data-e-type=\"widget\" data-widget_type=\"wgl-info-box.default\">\n\t\t\t\t<div class=\"elementor-widget-container\">\n\t\t\t\t\t<div class=\"wgl-infobox\"><div class=\"wgl-infobox_wrapper elementor-image-box-wrapper\"><div class=\"wgl-infobox-icon_wrapper elementor-image-box-img\"><div class=\"wgl-infobox-icon_container\"><div class=\"wgl-image-box_img\"><span ><img decoding=\"async\" src=\"https:\/\/kidscuisinesante.com\/wp-content\/uploads\/elementor\/thumbs\/info-box_03-3-oudkedm5scuw1myd8tsipslkxtmdia1bsk13imd3a0.png\" title=\"info-box_03-3\" alt=\"info-box_03-3\" loading=\"lazy\" \/><\/span><\/div><\/div><\/div><div class=\"wgl-infobox-content_wrapper\"><div class=\"wgl-infobox-title_wrapper\"><\/div><div class=\"wgl-infobox_content\"><p><strong><span>Nous nous engageons \u00e0 soutenir les agriculteurs et les producteurs alimentaires locaux.<\/span><\/strong><\/p><\/div><\/div><\/div><\/div>\t\t\t\t<\/div>\n\t\t\t\t<\/div>\n\t\t\t\t<div class=\"elementor-element elementor-element-c9c1e8a elementor-widget elementor-widget-spacer\" data-id=\"c9c1e8a\" data-element_type=\"widget\" data-e-type=\"widget\" data-widget_type=\"spacer.default\">\n\t\t\t\t<div class=\"elementor-widget-container\">\n\t\t\t\t\t\t\t<div class=\"elementor-spacer\">\n\t\t\t<div class=\"elementor-spacer-inner\"><\/div>\n\t\t<\/div>\n\t\t\t\t\t\t<\/div>\n\t\t\t\t<\/div>\n\t\t\t\t<div class=\"elementor-element elementor-element-fc2da74 elementor-position-right ib-align-right elementor-widget-image-box wgl-image-box elementor-widget elementor-widget-wgl-info-box\" data-id=\"fc2da74\" data-element_type=\"widget\" data-e-type=\"widget\" data-widget_type=\"wgl-info-box.default\">\n\t\t\t\t<div class=\"elementor-widget-container\">\n\t\t\t\t\t<div class=\"wgl-infobox\"><div class=\"wgl-infobox_wrapper elementor-image-box-wrapper\"><div class=\"wgl-infobox-icon_wrapper elementor-image-box-img\"><div class=\"wgl-infobox-icon_container\"><div class=\"wgl-image-box_img\"><span ><img decoding=\"async\" src=\"https:\/\/kidscuisinesante.com\/wp-content\/uploads\/elementor\/thumbs\/info-box_03-3-oudkedm5scuw1myd8tsipslkxtmdia1bsk13imd3a0.png\" title=\"info-box_03-3\" alt=\"info-box_03-3\" loading=\"lazy\" \/><\/span><\/div><\/div><\/div><div class=\"wgl-infobox-content_wrapper\"><div class=\"wgl-infobox-title_wrapper\"><\/div><div class=\"wgl-infobox_content\"><p><strong><span>Nous offrons des d\u00e9jeuners culturellement diversifi\u00e9s qui c\u00e9l\u00e8brent la diversit\u00e9 du Canada.<\/span><\/strong><\/p><\/div><\/div><\/div><\/div>\t\t\t\t<\/div>\n\t\t\t\t<\/div>\n\t\t\t\t\t<\/div>\n\t\t<\/div>\n\t\t\t\t<div class=\"elementor-column elementor-col-33 elementor-inner-column elementor-element elementor-element-25b2992\" data-id=\"25b2992\" data-element_type=\"column\" data-e-type=\"column\">\n\t\t\t<div class=\"elementor-widget-wrap elementor-element-populated\">\n\t\t\t\t\t\t<div class=\"elementor-element elementor-element-3cb8c50 elementor-widget elementor-widget-spacer\" data-id=\"3cb8c50\" data-element_type=\"widget\" data-e-type=\"widget\" data-widget_type=\"spacer.default\">\n\t\t\t\t<div class=\"elementor-widget-container\">\n\t\t\t\t\t\t\t<div class=\"elementor-spacer\">\n\t\t\t<div class=\"elementor-spacer-inner\"><\/div>\n\t\t<\/div>\n\t\t\t\t\t\t<\/div>\n\t\t\t\t<\/div>\n\t\t\t\t<div class=\"elementor-element elementor-element-5d60375 elementor-hidden-tablet elementor-hidden-phone elementor-widget elementor-widget-spacer\" data-id=\"5d60375\" data-element_type=\"widget\" data-e-type=\"widget\" data-widget_type=\"spacer.default\">\n\t\t\t\t<div class=\"elementor-widget-container\">\n\t\t\t\t\t\t\t<div class=\"elementor-spacer\">\n\t\t\t<div class=\"elementor-spacer-inner\"><\/div>\n\t\t<\/div>\n\t\t\t\t\t\t<\/div>\n\t\t\t\t<\/div>\n\t\t\t\t<div class=\"elementor-element elementor-element-d931fb8 elementor-hidden-tablet elementor-hidden-phone elementor-widget elementor-widget-image\" data-id=\"d931fb8\" data-element_type=\"widget\" data-e-type=\"widget\" data-widget_type=\"image.default\">\n\t\t\t\t<div class=\"elementor-widget-container\">\n\t\t\t\t\t\t\t\t\t\t\t\t\t\t\t<img decoding=\"async\" src=\"https:\/\/kidscuisinesante.com\/wp-content\/uploads\/elementor\/thumbs\/displayed_dishes-oudke47vwqib6lzrrqgcumqkgkni2ot03j737rzd0g.png\" title=\"plats_affich\u00e9s\" alt=\"displayed_dishes\" loading=\"lazy\" \/>\t\t\t\t\t\t\t\t\t\t\t\t\t\t\t<\/div>\n\t\t\t\t<\/div>\n\t\t\t\t<div class=\"elementor-element elementor-element-dd32787 elementor-hidden-tablet elementor-hidden-phone elementor-widget elementor-widget-spacer\" data-id=\"dd32787\" data-element_type=\"widget\" data-e-type=\"widget\" data-widget_type=\"spacer.default\">\n\t\t\t\t<div class=\"elementor-widget-container\">\n\t\t\t\t\t\t\t<div class=\"elementor-spacer\">\n\t\t\t<div class=\"elementor-spacer-inner\"><\/div>\n\t\t<\/div>\n\t\t\t\t\t\t<\/div>\n\t\t\t\t<\/div>\n\t\t\t\t\t<\/div>\n\t\t<\/div>\n\t\t\t\t<div class=\"elementor-column elementor-col-33 elementor-inner-column elementor-element elementor-element-020ea00\" data-id=\"020ea00\" data-element_type=\"column\" data-e-type=\"column\">\n\t\t\t<div class=\"elementor-widget-wrap elementor-element-populated\">\n\t\t\t\t\t\t<div class=\"elementor-element elementor-element-a2fa7ba elementor-position-left ib-align-left elementor-widget-image-box wgl-image-box elementor-widget elementor-widget-wgl-info-box\" data-id=\"a2fa7ba\" data-element_type=\"widget\" data-e-type=\"widget\" data-widget_type=\"wgl-info-box.default\">\n\t\t\t\t<div class=\"elementor-widget-container\">\n\t\t\t\t\t<div class=\"wgl-infobox\"><div class=\"wgl-infobox_wrapper elementor-image-box-wrapper\"><div class=\"wgl-infobox-icon_wrapper elementor-image-box-img\"><div class=\"wgl-infobox-icon_container\"><div class=\"wgl-image-box_img\"><span ><img decoding=\"async\" src=\"https:\/\/kidscuisinesante.com\/wp-content\/uploads\/elementor\/thumbs\/info-box_03-3-oudkedm5scuw1myd8tsipslkxtmdia1bsk13imd3a0.png\" title=\"info-box_03-3\" alt=\"info-box_03-3\" loading=\"lazy\" \/><\/span><\/div><\/div><\/div><div class=\"wgl-infobox-content_wrapper\"><div class=\"wgl-infobox-title_wrapper\"><\/div><div class=\"wgl-infobox_content\"><p><strong><span>Nous r\u00e9pondons aux besoins religieux, aux restrictions alimentaires et aux allergies alimentaires.<\/span><\/strong><\/p><\/div><\/div><\/div><\/div>\t\t\t\t<\/div>\n\t\t\t\t<\/div>\n\t\t\t\t<div class=\"elementor-element elementor-element-56c1a3d elementor-widget elementor-widget-spacer\" data-id=\"56c1a3d\" data-element_type=\"widget\" data-e-type=\"widget\" data-widget_type=\"spacer.default\">\n\t\t\t\t<div class=\"elementor-widget-container\">\n\t\t\t\t\t\t\t<div class=\"elementor-spacer\">\n\t\t\t<div class=\"elementor-spacer-inner\"><\/div>\n\t\t<\/div>\n\t\t\t\t\t\t<\/div>\n\t\t\t\t<\/div>\n\t\t\t\t<div class=\"elementor-element elementor-element-7f690d9 elementor-position-left ib-align-left elementor-widget-image-box wgl-image-box elementor-widget elementor-widget-wgl-info-box\" data-id=\"7f690d9\" data-element_type=\"widget\" data-e-type=\"widget\" data-widget_type=\"wgl-info-box.default\">\n\t\t\t\t<div class=\"elementor-widget-container\">\n\t\t\t\t\t<div class=\"wgl-infobox\"><div class=\"wgl-infobox_wrapper elementor-image-box-wrapper\"><div class=\"wgl-infobox-icon_wrapper elementor-image-box-img\"><div class=\"wgl-infobox-icon_container\"><div class=\"wgl-image-box_img\"><span ><img decoding=\"async\" src=\"https:\/\/kidscuisinesante.com\/wp-content\/uploads\/elementor\/thumbs\/info-box_03-3-oudkedm5scuw1myd8tsipslkxtmdia1bsk13imd3a0.png\" title=\"info-box_03-3\" alt=\"info-box_03-3\" loading=\"lazy\" \/><\/span><\/div><\/div><\/div><div class=\"wgl-infobox-content_wrapper\"><div class=\"wgl-infobox-title_wrapper\"><\/div><div class=\"wgl-infobox_content\"><p><strong><span>Nos repas approuv\u00e9s par les di\u00e9t\u00e9tistes respectent strictement la politique du gouvernement de l&#039;Ontario sur les aliments et les boissons dans les \u00e9coles.<\/span><\/strong><\/p><\/div><\/div><\/div><\/div>\t\t\t\t<\/div>\n\t\t\t\t<\/div>\n\t\t\t\t<div class=\"elementor-element elementor-element-8dc9905 elementor-widget elementor-widget-spacer\" data-id=\"8dc9905\" data-element_type=\"widget\" data-e-type=\"widget\" data-widget_type=\"spacer.default\">\n\t\t\t\t<div class=\"elementor-widget-container\">\n\t\t\t\t\t\t\t<div class=\"elementor-spacer\">\n\t\t\t<div class=\"elementor-spacer-inner\"><\/div>\n\t\t<\/div>\n\t\t\t\t\t\t<\/div>\n\t\t\t\t<\/div>\n\t\t\t\t<div class=\"elementor-element elementor-element-be1ee5c elementor-position-left ib-align-left elementor-widget-image-box wgl-image-box elementor-widget elementor-widget-wgl-info-box\" data-id=\"be1ee5c\" data-element_type=\"widget\" data-e-type=\"widget\" data-widget_type=\"wgl-info-box.default\">\n\t\t\t\t<div class=\"elementor-widget-container\">\n\t\t\t\t\t<div class=\"wgl-infobox\"><div class=\"wgl-infobox_wrapper elementor-image-box-wrapper\"><div class=\"wgl-infobox-icon_wrapper elementor-image-box-img\"><div class=\"wgl-infobox-icon_container\"><div class=\"wgl-image-box_img\"><span ><img decoding=\"async\" src=\"https:\/\/kidscuisinesante.com\/wp-content\/uploads\/elementor\/thumbs\/info-box_03-3-oudkedm5scuw1myd8tsipslkxtmdia1bsk13imd3a0.png\" title=\"info-box_03-3\" alt=\"info-box_03-3\" loading=\"lazy\" \/><\/span><\/div><\/div><\/div><div class=\"wgl-infobox-content_wrapper\"><div class=\"wgl-infobox-title_wrapper\"><\/div><div class=\"wgl-infobox_content\"><p><strong><span>Nous sommes bilingues en anglais et en fran\u00e7ais.<\/span><\/strong><\/p><\/div><\/div><\/div><\/div>\t\t\t\t<\/div>\n\t\t\t\t<\/div>\n\t\t\t\t<div class=\"elementor-element elementor-element-3a675bb elementor-widget elementor-widget-spacer\" data-id=\"3a675bb\" data-element_type=\"widget\" data-e-type=\"widget\" data-widget_type=\"spacer.default\">\n\t\t\t\t<div class=\"elementor-widget-container\">\n\t\t\t\t\t\t\t<div class=\"elementor-spacer\">\n\t\t\t<div class=\"elementor-spacer-inner\"><\/div>\n\t\t<\/div>\n\t\t\t\t\t\t<\/div>\n\t\t\t\t<\/div>\n\t\t\t\t<div class=\"elementor-element elementor-element-ba8a05e elementor-position-left ib-align-left elementor-widget-image-box wgl-image-box elementor-widget elementor-widget-wgl-info-box\" data-id=\"ba8a05e\" data-element_type=\"widget\" data-e-type=\"widget\" data-widget_type=\"wgl-info-box.default\">\n\t\t\t\t<div class=\"elementor-widget-container\">\n\t\t\t\t\t<div class=\"wgl-infobox\"><div class=\"wgl-infobox_wrapper elementor-image-box-wrapper\"><div class=\"wgl-infobox-icon_wrapper elementor-image-box-img\"><div class=\"wgl-infobox-icon_container\"><div class=\"wgl-image-box_img\"><span ><img decoding=\"async\" src=\"https:\/\/kidscuisinesante.com\/wp-content\/uploads\/elementor\/thumbs\/info-box_03-3-oudkedm5scuw1myd8tsipslkxtmdia1bsk13imd3a0.png\" title=\"info-box_03-3\" alt=\"info-box_03-3\" loading=\"lazy\" \/><\/span><\/div><\/div><\/div><div class=\"wgl-infobox-content_wrapper\"><div class=\"wgl-infobox-title_wrapper\"><\/div><div class=\"wgl-infobox_content\"><p><strong><span>Nous offrons des options de paiement en ligne simples et s\u00e9curis\u00e9es.<\/span><\/strong><\/p><\/div><\/div><\/div><\/div>\t\t\t\t<\/div>\n\t\t\t\t<\/div>\n\t\t\t\t\t<\/div>\n\t\t<\/div>\n\t\t\t\t\t<\/div>\n\t\t<\/section>\n\t\t\t\t\t<\/div>\n\t\t<\/div>\n\t\t\t\t\t<\/div>\n\t\t<\/section>\n\t\t\t\t<\/div>","protected":false},"excerpt":{"rendered":"<p>Our missionand values Need help getting your kids to eat healthy at school? Well, you\u2019re in luck because providing healthy, tasty, nutritious meals and snacks that kids love while making parents\u2019 lives a bit easier, just happens to be our core mission. So let us take the stress out of planning and packing school lunches [&hellip;]<\/p>\n","protected":false},"author":1,"featured_media":0,"parent":0,"menu_order":0,"comment_status":"closed","ping_status":"closed","template":"","meta":{"footnotes":""},"class_list":["post-537","page","type-page","status-publish","hentry"],"_links":{"self":[{"href":"https:\/\/kidscuisinesante.com\/fr_ca\/wp-json\/wp\/v2\/pages\/537","targetHints":{"allow":["GET"]}}],"collection":[{"href":"https:\/\/kidscuisinesante.com\/fr_ca\/wp-json\/wp\/v2\/pages"}],"about":[{"href":"https:\/\/kidscuisinesante.com\/fr_ca\/wp-json\/wp\/v2\/types\/page"}],"author":[{"embeddable":true,"href":"https:\/\/kidscuisinesante.com\/fr_ca\/wp-json\/wp\/v2\/users\/1"}],"replies":[{"embeddable":true,"href":"https:\/\/kidscuisinesante.com\/fr_ca\/wp-json\/wp\/v2\/comments?post=537"}],"version-history":[{"count":0,"href":"https:\/\/kidscuisinesante.com\/fr_ca\/wp-json\/wp\/v2\/pages\/537\/revisions"}],"wp:attachment":[{"href":"https:\/\/kidscuisinesante.com\/fr_ca\/wp-json\/wp\/v2\/media?parent=537"}],"curies":[{"name":"wp","href":"https:\/\/api.w.org\/{rel}","templated":true}]}}